{"id":1171,"date":"2025-05-13T20:37:46","date_gmt":"2025-05-13T20:37:46","guid":{"rendered":"https:\/\/advancelaparoscopic.com\/?page_id=1171"},"modified":"2025-05-14T20:55:04","modified_gmt":"2025-05-14T20:55:04","slug":"contacto","status":"publish","type":"page","link":"https:\/\/advancelaparoscopic.com\/en\/contacto\/","title":{"rendered":"Contact"},"content":{"rendered":"\t\t<div data-elementor-type=\"wp-page\" data-elementor-id=\"1171\" class=\"elementor elementor-1171\" data-elementor-settings=\"{&quot;ha_cmc_init_switcher&quot;:&quot;no&quot;}\">\n\t\t\t\t<div class=\"elementor-element elementor-element-706012e e-flex e-con-boxed wpr-particle-no wpr-jarallax-no wpr-parallax-no wpr-sticky-section-no wpr-equal-height-no e-con e-parent\" data-id=\"706012e\" data-element_type=\"container\" data-e-type=\"container\" data-settings=\"{&quot;_ha_eqh_enable&quot;:false}\">\n\t\t\t\t\t<div class=\"e-con-inner\">\n\t\t<div class=\"elementor-element elementor-element-e0aa04d e-con-full e-flex wpr-particle-no wpr-jarallax-no wpr-parallax-no wpr-sticky-section-no wpr-equal-height-no e-con e-child\" data-id=\"e0aa04d\" data-element_type=\"container\" data-e-type=\"container\" data-settings=\"{&quot;_ha_eqh_enable&quot;:false}\">\n\t\t\t\t<div class=\"elementor-element elementor-element-d18ef42 elementor-widget elementor-widget-heading\" data-id=\"d18ef42\" data-element_type=\"widget\" data-e-type=\"widget\" data-widget_type=\"heading.default\">\n\t\t\t\t\t<h2 class=\"elementor-heading-title elementor-size-default\">Contacto<\/h2>\t\t\t\t<\/div>\n\t\t\t\t<div class=\"elementor-element elementor-element-40425c5 ha-form-btn--left elementor-widget elementor-widget-ha-wpform happy-addon ha-wpform\" data-id=\"40425c5\" data-element_type=\"widget\" data-e-type=\"widget\" data-widget_type=\"ha-wpform.default\">\n\t\t\t\t\t<style id=\"wpforms-css-vars-1477\">\n\t\t\t\t#wpforms-1477 {\n\t\t\t\t\n\t\t\t}\n\t\t\t<\/style><div class=\"wpforms-container wpforms-container-full wpforms-render-modern\" id=\"wpforms-1477\"><form id=\"wpforms-form-1477\" class=\"wpforms-validate wpforms-form wpforms-ajax-form\" data-formid=\"1477\" method=\"post\" enctype=\"multipart\/form-data\" action=\"\/en\/wp-json\/wp\/v2\/pages\/1171\" data-token=\"8869802ce21073910a05a83bcabfa966\" data-token-time=\"1778073638\"><noscript class=\"wpforms-error-noscript\">Please enable JavaScript in your browser to complete this form.<\/noscript><div id=\"wpforms-error-noscript\" style=\"display: none;\">Please enable JavaScript in your browser to complete this form.<\/div><div class=\"wpforms-field-container\"><div id=\"wpforms-1477-field_1-container\" class=\"wpforms-field wpforms-field-layout\" data-field-id=\"1\"><div class=\"wpforms-field-layout-rows wpforms-field-large\"><div class=\"wpforms-layout-row\"><div class=\"wpforms-layout-column wpforms-layout-column-50\"><div id=\"wpforms-1477-field_2-container\" class=\"wpforms-field wpforms-field-name\" data-field-id=\"2\"><label class=\"wpforms-field-label wpforms-label-hide\" for=\"wpforms-1477-field_2\" aria-hidden=\"false\">Nombre <span class=\"wpforms-required-label\" aria-hidden=\"true\">*<\/span><\/label><input type=\"text\" id=\"wpforms-1477-field_2\" class=\"wpforms-field-medium wpforms-field-required\" name=\"wpforms[fields][2]\" placeholder=\"Nombre\" aria-errormessage=\"wpforms-1477-field_2-error\" required><\/div><\/div><div class=\"wpforms-layout-column wpforms-layout-column-50\"><div id=\"wpforms-1477-field_3-container\" class=\"wpforms-field wpforms-field-text\" data-field-id=\"3\"><label class=\"wpforms-field-label wpforms-label-hide\" for=\"wpforms-1477-field_3\" aria-hidden=\"false\">Apellido<\/label><input type=\"text\" id=\"wpforms-1477-field_3\" class=\"wpforms-field-medium\" name=\"wpforms[fields][3]\" placeholder=\"Apellido\" aria-errormessage=\"wpforms-1477-field_3-error\" ><\/div><\/div><\/div><div class=\"wpforms-layout-row\"><div class=\"wpforms-layout-column wpforms-layout-column-50\"><div id=\"wpforms-1477-field_4-container\" class=\"wpforms-field wpforms-field-phone\" data-field-id=\"4\"><label class=\"wpforms-field-label wpforms-label-hide\" for=\"wpforms-1477-field_4\" aria-hidden=\"false\">Tel\u00e9fono<\/label><input type=\"tel\" id=\"wpforms-1477-field_4\" class=\"wpforms-field-medium\" data-rule-int-phone-field=\"true\" name=\"wpforms[fields][4]\" placeholder=\"Tel\u00e9fono\" aria-label=\"Tel\u00e9fono\" aria-errormessage=\"wpforms-1477-field_4-error\" ><\/div><\/div><div class=\"wpforms-layout-column wpforms-layout-column-50\"><div id=\"wpforms-1477-field_5-container\" class=\"wpforms-field wpforms-field-email\" data-field-id=\"5\"><label class=\"wpforms-field-label wpforms-label-hide\" for=\"wpforms-1477-field_5\" aria-hidden=\"false\">Email <span class=\"wpforms-required-label\" aria-hidden=\"true\">*<\/span><\/label><input type=\"email\" id=\"wpforms-1477-field_5\" class=\"wpforms-field-medium wpforms-field-required\" name=\"wpforms[fields][5]\" placeholder=\"Email\" spellcheck=\"false\" aria-errormessage=\"wpforms-1477-field_5-error\" required><\/div><\/div><\/div><\/div><\/div>\t\t<div id=\"wpforms-1477-field_7-container\"\n\t\t\tclass=\"wpforms-field wpforms-field-text\"\n\t\t\tdata-field-type=\"text\"\n\t\t\tdata-field-id=\"7\"\n\t\t\t>\n\t\t\t<label class=\"wpforms-field-label\" for=\"wpforms-1477-field_7\" >Mensaje Apellido Tel\u00e9fono<\/label>\n\t\t\t<input type=\"text\" id=\"wpforms-1477-field_7\" class=\"wpforms-field-medium\" name=\"wpforms[fields][7]\" >\n\t\t<\/div>\n\t\t<div id=\"wpforms-1477-field_6-container\" class=\"wpforms-field wpforms-field-textarea\" data-field-id=\"6\"><label class=\"wpforms-field-label wpforms-label-hide\" for=\"wpforms-1477-field_6\" aria-hidden=\"false\">Mensaje <span class=\"wpforms-required-label\" aria-hidden=\"true\">*<\/span><\/label><textarea id=\"wpforms-1477-field_6\" class=\"wpforms-field-medium wpforms-field-required\" name=\"wpforms[fields][6]\" placeholder=\"Mensaje\" aria-errormessage=\"wpforms-1477-field_6-error\" required><\/textarea><\/div><script>\n\t\t\t\t( function() {\n\t\t\t\t\tconst style = document.createElement( 'style' );\n\t\t\t\t\tstyle.appendChild( document.createTextNode( '#wpforms-1477-field_7-container { position: absolute !important; overflow: hidden !important; display: inline !important; height: 1px !important; width: 1px !important; z-index: -1000 !important; padding: 0 !important; } #wpforms-1477-field_7-container input { visibility: hidden; } #wpforms-conversational-form-page #wpforms-1477-field_7-container label { counter-increment: none; }' ) );\n\t\t\t\t\tdocument.head.appendChild( style );\n\t\t\t\t\tdocument.currentScript?.remove();\n\t\t\t\t} )();\n\t\t\t<\/script><\/div><!-- .wpforms-field-container --><div class=\"wpforms-recaptcha-container wpforms-is-recaptcha wpforms-is-recaptcha-type-v3\" ><input type=\"hidden\" name=\"wpforms[recaptcha]\" value=\"\"><\/div><div class=\"wpforms-submit-container\" ><input type=\"hidden\" name=\"wpforms[id]\" value=\"1477\"><input type=\"hidden\" name=\"page_title\" value=\"\"><input type=\"hidden\" name=\"page_url\" value=\"https:\/\/advancelaparoscopic.com\/en\/wp-json\/wp\/v2\/pages\/1171\"><input type=\"hidden\" name=\"url_referer\" value=\"\"><button type=\"submit\" name=\"wpforms[submit]\" id=\"wpforms-submit-1477\" class=\"wpforms-submit\" data-alt-text=\"Enviando...\" data-submit-text=\"Enviar\" aria-live=\"assertive\" value=\"wpforms-submit\">Enviar<\/button><img decoding=\"async\" src=\"https:\/\/advancelaparoscopic.com\/wp-content\/plugins\/wpforms\/assets\/images\/submit-spin.svg\" class=\"wpforms-submit-spinner\" style=\"display: none;\" width=\"26\" height=\"26\" alt=\"Loading\"><\/div><\/form><\/div>  <!-- .wpforms-container -->\t\t\t\t<\/div>\n\t\t\t\t<\/div>\n\t\t\t\t<div class=\"elementor-element elementor-element-378d77e elementor-widget elementor-widget-html\" data-id=\"378d77e\" data-element_type=\"widget\" data-e-type=\"widget\" data-widget_type=\"html.default\">\n\t\t\t\t\t<style>\n    .wpforms-submit{\n        height: auto !important;\n    }\n<\/style>\t\t\t\t<\/div>\n\t\t\t\t\t<\/div>\n\t\t\t\t<\/div>\n\t\t<div class=\"elementor-element elementor-element-e7753ec e-flex e-con-boxed wpr-particle-no wpr-jarallax-no wpr-parallax-no wpr-sticky-section-no wpr-equal-height-no e-con e-parent\" data-id=\"e7753ec\" data-element_type=\"container\" data-e-type=\"container\" data-settings=\"{&quot;background_background&quot;:&quot;gradient&quot;,&quot;_ha_eqh_enable&quot;:false}\">\n\t\t\t\t\t<div class=\"e-con-inner\">\n\t\t<div class=\"elementor-element elementor-element-a4d6055 e-grid e-con-full wpr-particle-no wpr-jarallax-no wpr-parallax-no wpr-sticky-section-no wpr-equal-height-no e-con e-child\" data-id=\"a4d6055\" data-element_type=\"container\" data-e-type=\"container\" data-settings=\"{&quot;_ha_eqh_enable&quot;:false}\">\n\t\t<div class=\"elementor-element elementor-element-b78228d e-con-full e-flex wpr-particle-no wpr-jarallax-no wpr-parallax-no wpr-sticky-section-no wpr-equal-height-no e-con e-child\" data-id=\"b78228d\" data-element_type=\"container\" data-e-type=\"container\" data-settings=\"{&quot;_ha_eqh_enable&quot;:false}\">\n\t\t\t\t<div class=\"elementor-element elementor-element-0bfc9fb elementor-position-top elementor-widget elementor-widget-image-box\" data-id=\"0bfc9fb\" data-element_type=\"widget\" data-e-type=\"widget\" data-widget_type=\"image-box.default\">\n\t\t\t\t\t<div class=\"elementor-image-box-wrapper\"><figure class=\"elementor-image-box-img\"><img fetchpriority=\"high\" decoding=\"async\" width=\"596\" height=\"614\" src=\"https:\/\/advancelaparoscopic.com\/wp-content\/uploads\/2025\/05\/schedule.webp\" class=\"attachment-full size-full wp-image-1458\" alt=\"Horarios\" srcset=\"https:\/\/advancelaparoscopic.com\/wp-content\/uploads\/2025\/05\/schedule.webp 596w, https:\/\/advancelaparoscopic.com\/wp-content\/uploads\/2025\/05\/schedule-291x300.webp 291w\" sizes=\"(max-width: 596px) 100vw, 596px\" \/><\/figure><div class=\"elementor-image-box-content\"><h3 class=\"elementor-image-box-title\">Horarios<\/h3><p class=\"elementor-image-box-description\">Lunes - Domingos <br \/>\n8:00AM - 5:00PM<\/p><\/div><\/div>\t\t\t\t<\/div>\n\t\t\t\t<\/div>\n\t\t<div class=\"elementor-element elementor-element-e63fb35 e-con-full e-flex wpr-particle-no wpr-jarallax-no wpr-parallax-no wpr-sticky-section-no wpr-equal-height-no e-con e-child\" data-id=\"e63fb35\" data-element_type=\"container\" data-e-type=\"container\" data-settings=\"{&quot;_ha_eqh_enable&quot;:false}\">\n\t\t\t\t<div class=\"elementor-element elementor-element-855535d elementor-position-top elementor-widget elementor-widget-image-box\" data-id=\"855535d\" data-element_type=\"widget\" data-e-type=\"widget\" data-widget_type=\"image-box.default\">\n\t\t\t\t\t<div class=\"elementor-image-box-wrapper\"><figure class=\"elementor-image-box-img\"><img decoding=\"async\" width=\"596\" height=\"614\" src=\"https:\/\/advancelaparoscopic.com\/wp-content\/uploads\/2025\/05\/map.webp\" class=\"attachment-full size-full wp-image-1456\" alt=\"Ubicaci\u00f3n\" srcset=\"https:\/\/advancelaparoscopic.com\/wp-content\/uploads\/2025\/05\/map.webp 596w, https:\/\/advancelaparoscopic.com\/wp-content\/uploads\/2025\/05\/map-291x300.webp 291w\" sizes=\"(max-width: 596px) 100vw, 596px\" \/><\/figure><div class=\"elementor-image-box-content\"><h3 class=\"elementor-image-box-title\">Ubicaci\u00f3n<\/h3><p class=\"elementor-image-box-description\">909 Av. Tito Castro, Ponce, 00730, <br \/> Puerto Rico<\/p><\/div><\/div>\t\t\t\t<\/div>\n\t\t\t\t<\/div>\n\t\t<div class=\"elementor-element elementor-element-65633cb e-con-full e-flex wpr-particle-no wpr-jarallax-no wpr-parallax-no wpr-sticky-section-no wpr-equal-height-no e-con e-child\" data-id=\"65633cb\" data-element_type=\"container\" data-e-type=\"container\" data-settings=\"{&quot;_ha_eqh_enable&quot;:false}\">\n\t\t\t\t<div class=\"elementor-element elementor-element-fd55ac8 elementor-position-top elementor-widget elementor-widget-image-box\" data-id=\"fd55ac8\" data-element_type=\"widget\" data-e-type=\"widget\" data-widget_type=\"image-box.default\">\n\t\t\t\t\t<div class=\"elementor-image-box-wrapper\"><figure class=\"elementor-image-box-img\"><img loading=\"lazy\" decoding=\"async\" width=\"596\" height=\"614\" src=\"https:\/\/advancelaparoscopic.com\/wp-content\/uploads\/2025\/05\/pay.webp\" class=\"attachment-full size-full wp-image-1457\" alt=\"M\u00e9todos de Pago\" srcset=\"https:\/\/advancelaparoscopic.com\/wp-content\/uploads\/2025\/05\/pay.webp 596w, https:\/\/advancelaparoscopic.com\/wp-content\/uploads\/2025\/05\/pay-291x300.webp 291w\" sizes=\"(max-width: 596px) 100vw, 596px\" \/><\/figure><div class=\"elementor-image-box-content\"><h3 class=\"elementor-image-box-title\">M\u00e9todos de Pago<\/h3><\/div><\/div>\t\t\t\t<\/div>\n\t\t\t\t<\/div>\n\t\t\t\t<\/div>\n\t\t\t\t\t<\/div>\n\t\t\t\t<\/div>\n\t\t<div class=\"elementor-element elementor-element-d34d5e8 e-con-full e-flex wpr-particle-no wpr-jarallax-no wpr-parallax-no wpr-sticky-section-no wpr-equal-height-no e-con e-parent\" data-id=\"d34d5e8\" data-element_type=\"container\" data-e-type=\"container\" data-settings=\"{&quot;_ha_eqh_enable&quot;:false}\">\n\t\t\t\t<div class=\"elementor-element elementor-element-e54ade3 elementor-widget elementor-widget-google_maps\" data-id=\"e54ade3\" data-element_type=\"widget\" data-e-type=\"widget\" data-widget_type=\"google_maps.default\">\n\t\t\t\t\t\t\t<div class=\"elementor-custom-embed\">\n\t\t\t<iframe loading=\"lazy\"\n\t\t\t\t\tsrc=\"https:\/\/maps.google.com\/maps?q=Torre%20M%C3%A9dica%20San%20Lucas&#038;t=m&#038;z=16&#038;output=embed&#038;iwloc=near\"\n\t\t\t\t\ttitle=\"Torre M\u00e9dica San Lucas\"\n\t\t\t\t\taria-label=\"Torre M\u00e9dica San Lucas\"\n\t\t\t><\/iframe>\n\t\t<\/div>\n\t\t\t\t\t\t<\/div>\n\t\t\t\t<\/div>\n\t\t<div class=\"elementor-element elementor-element-846f630 e-flex e-con-boxed wpr-particle-no wpr-jarallax-no wpr-parallax-no wpr-sticky-section-no wpr-equal-height-no e-con e-parent\" data-id=\"846f630\" data-element_type=\"container\" data-e-type=\"container\" data-settings=\"{&quot;background_background&quot;:&quot;classic&quot;,&quot;_ha_eqh_enable&quot;:false}\">\n\t\t\t\t\t<div class=\"e-con-inner\">\n\t\t<div class=\"elementor-element elementor-element-bdb09ef e-con-full e-flex wpr-particle-no wpr-jarallax-no wpr-parallax-no wpr-sticky-section-no wpr-equal-height-no e-con e-child\" data-id=\"bdb09ef\" data-element_type=\"container\" data-e-type=\"container\" data-settings=\"{&quot;_ha_eqh_enable&quot;:false}\">\n\t\t\t\t<div class=\"elementor-element elementor-element-6db016a elementor-widget elementor-widget-heading\" data-id=\"6db016a\" data-element_type=\"widget\" data-e-type=\"widget\" data-widget_type=\"heading.default\">\n\t\t\t\t\t<h3 class=\"elementor-heading-title elementor-size-default\">Los especialistas en el tracto urinario masculino y femenino<\/h3>\t\t\t\t<\/div>\n\t\t\t\t<\/div>\n\t\t<div class=\"elementor-element elementor-element-74ddc74 e-con-full e-flex wpr-particle-no wpr-jarallax-no wpr-parallax-no wpr-sticky-section-no wpr-equal-height-no e-con e-child\" data-id=\"74ddc74\" data-element_type=\"container\" data-e-type=\"container\" data-settings=\"{&quot;_ha_eqh_enable&quot;:false}\">\n\t\t\t\t<div class=\"elementor-element elementor-element-d67c279 premium-lq__none elementor-widget elementor-widget-premium-addon-button\" data-id=\"d67c279\" data-element_type=\"widget\" data-e-type=\"widget\" data-widget_type=\"premium-addon-button.default\">\n\t\t\t\t\t\n\n\t\t<a class=\"premium-button premium-button-none premium-btn-lg premium-button-none\" href=\"tel:787-284-3333\">\n\t\t\t<div class=\"premium-button-text-icon-wrapper\">\n\t\t\t\t\n\t\t\t\t\t\t\t\t\t<span >\n\t\t\t\t\t\t\u00a1Cont\u00e1ctenos!\t\t\t\t\t<\/span>\n\t\t\t\t\t\t\t<\/div>\n\n\t\t\t\n\t\t\t\n\t\t\t\n\t\t<\/a>\n\n\n\t\t\t\t\t\t<\/div>\n\t\t\t\t<\/div>\n\t\t\t\t\t<\/div>\n\t\t\t\t<\/div>\n\t\t\t\t<\/div>\n\t\t","protected":false},"excerpt":{"rendered":"<p>Contacto Please enable JavaScript in your browser to complete this form.Please enable JavaScript in your browser to complete this form.Nombre *ApellidoTel\u00e9fono Email *Mensaje * Submit Horarios Lunes &#8211; Domingos 8:00AM &#8211; 5:00PM Ubicaci\u00f3n 909 Av. Tito Castro, Ponce, 00730, Puerto Rico M\u00e9todos de Pago Los especialistas en el tracto urinario masculino y femenino \u00a1Cont\u00e1ctenos!<\/p>","protected":false},"author":2,"featured_media":0,"parent":0,"menu_order":0,"comment_status":"closed","ping_status":"closed","template":"elementor_header_footer","meta":{"footnotes":""},"class_list":["post-1171","page","type-page","status-publish","hentry"],"yoast_head":"<!-- This site is optimized with the Yoast SEO plugin v27.5 - https:\/\/yoast.com\/product\/yoast-seo-wordpress\/ -->\n<title>Advance Urology Laparoscopic Center | M\u00e9dicos Especialistas<\/title>\n<meta name=\"description\" content=\"Nos especializamos en el tracto urinario masculino y femenino y en los \u00f3rganos reproductores masculinos.\" \/>\n<meta name=\"robots\" content=\"index, follow, max-snippet:-1, max-image-preview:large, max-video-preview:-1\" \/>\n<link rel=\"canonical\" href=\"https:\/\/advancelaparoscopic.com\/en\/contacto\/\" \/>\n<meta property=\"og:locale\" content=\"en_US\" \/>\n<meta property=\"og:type\" content=\"article\" \/>\n<meta property=\"og:title\" content=\"Advance Urology Laparoscopic Center | M\u00e9dicos Especialistas\" \/>\n<meta property=\"og:description\" content=\"Nos especializamos en el tracto urinario masculino y femenino y en los \u00f3rganos reproductores masculinos.\" \/>\n<meta property=\"og:url\" content=\"https:\/\/advancelaparoscopic.com\/en\/contacto\/\" \/>\n<meta property=\"og:site_name\" content=\"Advance Urology Laparoscopic Center\" \/>\n<meta property=\"article:modified_time\" content=\"2025-05-14T20:55:04+00:00\" \/>\n<meta property=\"og:image\" content=\"https:\/\/advancelaparoscopic.com\/wp-content\/plugins\/wpforms\/assets\/images\/submit-spin.svg\" \/>\n<meta name=\"twitter:card\" content=\"summary_large_image\" \/>\n<meta name=\"twitter:label1\" content=\"Est. reading time\" \/>\n\t<meta name=\"twitter:data1\" content=\"1 minute\" \/>\n<script type=\"application\/ld+json\" class=\"yoast-schema-graph\">{\"@context\":\"https:\\\/\\\/schema.org\",\"@graph\":[{\"@type\":\"WebPage\",\"@id\":\"https:\\\/\\\/advancelaparoscopic.com\\\/contacto\\\/\",\"url\":\"https:\\\/\\\/advancelaparoscopic.com\\\/contacto\\\/\",\"name\":\"Advance Urology Laparoscopic Center | M\u00e9dicos Especialistas\",\"isPartOf\":{\"@id\":\"https:\\\/\\\/advancelaparoscopic.com\\\/#website\"},\"primaryImageOfPage\":{\"@id\":\"https:\\\/\\\/advancelaparoscopic.com\\\/contacto\\\/#primaryimage\"},\"image\":{\"@id\":\"https:\\\/\\\/advancelaparoscopic.com\\\/contacto\\\/#primaryimage\"},\"thumbnailUrl\":\"https:\\\/\\\/advancelaparoscopic.com\\\/wp-content\\\/plugins\\\/wpforms\\\/assets\\\/images\\\/submit-spin.svg\",\"datePublished\":\"2025-05-13T20:37:46+00:00\",\"dateModified\":\"2025-05-14T20:55:04+00:00\",\"description\":\"Nos especializamos en el tracto urinario masculino y femenino y en los \u00f3rganos reproductores masculinos.\",\"breadcrumb\":{\"@id\":\"https:\\\/\\\/advancelaparoscopic.com\\\/contacto\\\/#breadcrumb\"},\"inLanguage\":\"en-US\",\"potentialAction\":[{\"@type\":\"ReadAction\",\"target\":[\"https:\\\/\\\/advancelaparoscopic.com\\\/contacto\\\/\"]}]},{\"@type\":\"ImageObject\",\"inLanguage\":\"en-US\",\"@id\":\"https:\\\/\\\/advancelaparoscopic.com\\\/contacto\\\/#primaryimage\",\"url\":\"https:\\\/\\\/advancelaparoscopic.com\\\/wp-content\\\/plugins\\\/wpforms\\\/assets\\\/images\\\/submit-spin.svg\",\"contentUrl\":\"https:\\\/\\\/advancelaparoscopic.com\\\/wp-content\\\/plugins\\\/wpforms\\\/assets\\\/images\\\/submit-spin.svg\"},{\"@type\":\"BreadcrumbList\",\"@id\":\"https:\\\/\\\/advancelaparoscopic.com\\\/contacto\\\/#breadcrumb\",\"itemListElement\":[{\"@type\":\"ListItem\",\"position\":1,\"name\":\"Home\",\"item\":\"https:\\\/\\\/advancelaparoscopic.com\\\/\"},{\"@type\":\"ListItem\",\"position\":2,\"name\":\"Contacto\"}]},{\"@type\":\"WebSite\",\"@id\":\"https:\\\/\\\/advancelaparoscopic.com\\\/#website\",\"url\":\"https:\\\/\\\/advancelaparoscopic.com\\\/\",\"name\":\"Advance Urology Laparoscopic Center\",\"description\":\"M\u00e9dicos Especialistas\",\"publisher\":{\"@id\":\"https:\\\/\\\/advancelaparoscopic.com\\\/#organization\"},\"alternateName\":\"Advance Urology Laparoscopic Center\",\"potentialAction\":[{\"@type\":\"SearchAction\",\"target\":{\"@type\":\"EntryPoint\",\"urlTemplate\":\"https:\\\/\\\/advancelaparoscopic.com\\\/?s={search_term_string}\"},\"query-input\":{\"@type\":\"PropertyValueSpecification\",\"valueRequired\":true,\"valueName\":\"search_term_string\"}}],\"inLanguage\":\"en-US\"},{\"@type\":\"Organization\",\"@id\":\"https:\\\/\\\/advancelaparoscopic.com\\\/#organization\",\"name\":\"Advance Urology Laparoscopic Center\",\"url\":\"https:\\\/\\\/advancelaparoscopic.com\\\/\",\"logo\":{\"@type\":\"ImageObject\",\"inLanguage\":\"en-US\",\"@id\":\"https:\\\/\\\/advancelaparoscopic.com\\\/#\\\/schema\\\/logo\\\/image\\\/\",\"url\":\"https:\\\/\\\/advancelaparoscopic.com\\\/wp-content\\\/uploads\\\/2025\\\/04\\\/logo-footer.webp\",\"contentUrl\":\"https:\\\/\\\/advancelaparoscopic.com\\\/wp-content\\\/uploads\\\/2025\\\/04\\\/logo-footer.webp\",\"width\":780,\"height\":780,\"caption\":\"Advance Urology Laparoscopic Center\"},\"image\":{\"@id\":\"https:\\\/\\\/advancelaparoscopic.com\\\/#\\\/schema\\\/logo\\\/image\\\/\"}}]}<\/script>\n<!-- \/ Yoast SEO plugin. -->","yoast_head_json":{"title":"Advance Urology Laparoscopic Center | M\u00e9dicos Especialistas","description":"Nos especializamos en el tracto urinario masculino y femenino y en los \u00f3rganos reproductores masculinos.","robots":{"index":"index","follow":"follow","max-snippet":"max-snippet:-1","max-image-preview":"max-image-preview:large","max-video-preview":"max-video-preview:-1"},"canonical":"https:\/\/advancelaparoscopic.com\/en\/contacto\/","og_locale":"en_US","og_type":"article","og_title":"Advance Urology Laparoscopic Center | M\u00e9dicos Especialistas","og_description":"Nos especializamos en el tracto urinario masculino y femenino y en los \u00f3rganos reproductores masculinos.","og_url":"https:\/\/advancelaparoscopic.com\/en\/contacto\/","og_site_name":"Advance Urology Laparoscopic Center","article_modified_time":"2025-05-14T20:55:04+00:00","og_image":[{"url":"https:\/\/advancelaparoscopic.com\/wp-content\/plugins\/wpforms\/assets\/images\/submit-spin.svg","type":"","width":"","height":""}],"twitter_card":"summary_large_image","twitter_misc":{"Est. reading time":"1 minute"},"schema":{"@context":"https:\/\/schema.org","@graph":[{"@type":"WebPage","@id":"https:\/\/advancelaparoscopic.com\/contacto\/","url":"https:\/\/advancelaparoscopic.com\/contacto\/","name":"Advance Urology Laparoscopic Center | M\u00e9dicos Especialistas","isPartOf":{"@id":"https:\/\/advancelaparoscopic.com\/#website"},"primaryImageOfPage":{"@id":"https:\/\/advancelaparoscopic.com\/contacto\/#primaryimage"},"image":{"@id":"https:\/\/advancelaparoscopic.com\/contacto\/#primaryimage"},"thumbnailUrl":"https:\/\/advancelaparoscopic.com\/wp-content\/plugins\/wpforms\/assets\/images\/submit-spin.svg","datePublished":"2025-05-13T20:37:46+00:00","dateModified":"2025-05-14T20:55:04+00:00","description":"Nos especializamos en el tracto urinario masculino y femenino y en los \u00f3rganos reproductores masculinos.","breadcrumb":{"@id":"https:\/\/advancelaparoscopic.com\/contacto\/#breadcrumb"},"inLanguage":"en-US","potentialAction":[{"@type":"ReadAction","target":["https:\/\/advancelaparoscopic.com\/contacto\/"]}]},{"@type":"ImageObject","inLanguage":"en-US","@id":"https:\/\/advancelaparoscopic.com\/contacto\/#primaryimage","url":"https:\/\/advancelaparoscopic.com\/wp-content\/plugins\/wpforms\/assets\/images\/submit-spin.svg","contentUrl":"https:\/\/advancelaparoscopic.com\/wp-content\/plugins\/wpforms\/assets\/images\/submit-spin.svg"},{"@type":"BreadcrumbList","@id":"https:\/\/advancelaparoscopic.com\/contacto\/#breadcrumb","itemListElement":[{"@type":"ListItem","position":1,"name":"Home","item":"https:\/\/advancelaparoscopic.com\/"},{"@type":"ListItem","position":2,"name":"Contacto"}]},{"@type":"WebSite","@id":"https:\/\/advancelaparoscopic.com\/#website","url":"https:\/\/advancelaparoscopic.com\/","name":"Advance Urology Laparoscopic Center","description":"M\u00e9dicos Especialistas","publisher":{"@id":"https:\/\/advancelaparoscopic.com\/#organization"},"alternateName":"Advance Urology Laparoscopic Center","potentialAction":[{"@type":"SearchAction","target":{"@type":"EntryPoint","urlTemplate":"https:\/\/advancelaparoscopic.com\/?s={search_term_string}"},"query-input":{"@type":"PropertyValueSpecification","valueRequired":true,"valueName":"search_term_string"}}],"inLanguage":"en-US"},{"@type":"Organization","@id":"https:\/\/advancelaparoscopic.com\/#organization","name":"Advance Urology Laparoscopic Center","url":"https:\/\/advancelaparoscopic.com\/","logo":{"@type":"ImageObject","inLanguage":"en-US","@id":"https:\/\/advancelaparoscopic.com\/#\/schema\/logo\/image\/","url":"https:\/\/advancelaparoscopic.com\/wp-content\/uploads\/2025\/04\/logo-footer.webp","contentUrl":"https:\/\/advancelaparoscopic.com\/wp-content\/uploads\/2025\/04\/logo-footer.webp","width":780,"height":780,"caption":"Advance Urology Laparoscopic Center"},"image":{"@id":"https:\/\/advancelaparoscopic.com\/#\/schema\/logo\/image\/"}}]}},"_links":{"self":[{"href":"https:\/\/advancelaparoscopic.com\/en\/wp-json\/wp\/v2\/pages\/1171","targetHints":{"allow":["GET"]}}],"collection":[{"href":"https:\/\/advancelaparoscopic.com\/en\/wp-json\/wp\/v2\/pages"}],"about":[{"href":"https:\/\/advancelaparoscopic.com\/en\/wp-json\/wp\/v2\/types\/page"}],"author":[{"embeddable":true,"href":"https:\/\/advancelaparoscopic.com\/en\/wp-json\/wp\/v2\/users\/2"}],"replies":[{"embeddable":true,"href":"https:\/\/advancelaparoscopic.com\/en\/wp-json\/wp\/v2\/comments?post=1171"}],"version-history":[{"count":37,"href":"https:\/\/advancelaparoscopic.com\/en\/wp-json\/wp\/v2\/pages\/1171\/revisions"}],"predecessor-version":[{"id":1491,"href":"https:\/\/advancelaparoscopic.com\/en\/wp-json\/wp\/v2\/pages\/1171\/revisions\/1491"}],"wp:attachment":[{"href":"https:\/\/advancelaparoscopic.com\/en\/wp-json\/wp\/v2\/media?parent=1171"}],"curies":[{"name":"wp","href":"https:\/\/api.w.org\/{rel}","templated":true}]}}